{"id":264270,"date":"2022-11-15T18:49:49","date_gmt":"2022-11-15T17:49:49","guid":{"rendered":"https:\/\/hotel-fichtelberghaus.de\/imprint\/"},"modified":"2025-10-21T14:20:36","modified_gmt":"2025-10-21T12:20:36","slug":"imprint","status":"publish","type":"page","link":"https:\/\/hotel-fichtelberghaus.de\/en\/imprint\/","title":{"rendered":"Imprint"},"content":{"rendered":"<p>[et_pb_section fb_built=&#8221;1&#8243; disabled_on=&#8221;on|on|off&#8221; _builder_version=&#8221;4.19.0&#8243; _module_preset=&#8221;default&#8221; background_image=&#8221;https:\/\/hotel-fichtelberghaus.de\/wp-content\/uploads\/2022\/11\/Fichtelberghaus_Header-scaled.jpg&#8221; background_position=&#8221;bottom_center&#8221; height=&#8221;100vh&#8221; custom_padding=&#8221;150px||||false|false&#8221; hover_enabled=&#8221;0&#8243; global_colors_info=&#8221;{}&#8221; sticky_enabled=&#8221;0&#8243;][et_pb_row _builder_version=&#8221;4.19.0&#8243; _module_preset=&#8221;default&#8221; background_color=&#8221;#002434&#8243; transform_translate=&#8221;5vw|0px&#8221; transform_translate_linked=&#8221;off&#8221; width=&#8221;50%&#8221; max_width=&#8221;500px&#8221; module_alignment=&#8221;left&#8221; custom_margin=&#8221;||||false|false&#8221; box_shadow_style=&#8221;preset1&#8243; global_colors_info=&#8221;{}&#8221;][et_pb_column type=&#8221;4_4&#8243; _builder_version=&#8221;4.19.0&#8243; _module_preset=&#8221;default&#8221; global_colors_info=&#8221;{}&#8221;][et_pb_text _builder_version=&#8221;4.19.0&#8243; _module_preset=&#8221;default&#8221; header_text_color=&#8221;#707070&#8243; header_6_font=&#8221;Playfair Display|800|||||||&#8221; header_6_text_color=&#8221;rgba(255,255,255,0.1)&#8221; header_6_font_size=&#8221;80px&#8221; positioning=&#8221;absolute&#8221; horizontal_offset=&#8221;5%&#8221; width=&#8221;90%&#8221; global_colors_info=&#8221;{}&#8221;]<\/p>\n<h6>I<\/h6>\n<p>[\/et_pb_text][et_pb_text _builder_version=&#8221;4.19.0&#8243; _module_preset=&#8221;default&#8221; header_text_align=&#8221;left&#8221; width=&#8221;90%&#8221; module_alignment=&#8221;center&#8221; custom_margin=&#8221;40px||40px||true|false&#8221; global_colors_info=&#8221;{}&#8221;]<\/p>\n<h1>Imprint<\/h1>\n<p>[\/et_pb_text][et_pb_text _builder_version=&#8221;4.27.4&#8243; _module_preset=&#8221;default&#8221; link_font=&#8221;|||||||#FFFFFF|&#8221; link_text_color=&#8221;#FFFFFF&#8221; header_text_color=&#8221;#707070&#8243; width=&#8221;90%&#8221; module_alignment=&#8221;center&#8221; global_colors_info=&#8221;{}&#8221;]<\/p>\n<p><strong>LGO Fichtelberghaus GmbH  <\/strong><\/p>\n<p>represented by: Managing Director Constantin Gl\u00e4\u00df<\/p>\n<p>Fichtelbergstra\u00dfe 8 \/ 09484 Kurort Oberwiesenthal<\/p>\n<p>info@fichtelberghaus.de<br \/>037348 1230<\/p>\n<p><strong>Dispute resolution<\/strong><\/p>\n<p><span>We are not willing or obliged to participate in dispute resolution proceedings before a consumer arbitration board.<br \/><\/span><\/p>\n<p>[\/et_pb_text][\/et_pb_column][\/et_pb_row][et_pb_row _builder_version=&#8221;4.19.0&#8243; _module_preset=&#8221;default&#8221; positioning=&#8221;absolute&#8221; position_origin_a=&#8221;bottom_center&#8221; vertical_offset=&#8221;10vh&#8221; global_colors_info=&#8221;{}&#8221;][et_pb_column type=&#8221;4_4&#8243; _builder_version=&#8221;4.19.0&#8243; _module_preset=&#8221;default&#8221; global_colors_info=&#8221;{}&#8221;][et_pb_image src=&#8221;https:\/\/hotel-fichtelberghaus.de\/wp-content\/uploads\/2022\/11\/Logo_Fichtelberghaus_CMYK-GOLD.png&#8221; title_text=&#8221;Logoo_Fichtelberghaus_CMYK-GOLD&#8221; _builder_version=&#8221;4.19.0&#8243; _module_preset=&#8221;default&#8221; width=&#8221;300px&#8221; module_alignment=&#8221;center&#8221; global_colors_info=&#8221;{}&#8221;][\/et_pb_image][\/et_pb_column][\/et_pb_row][et_pb_row _builder_version=&#8221;4.19.0&#8243; _module_preset=&#8221;default&#8221; positioning=&#8221;absolute&#8221; position_origin_a=&#8221;bottom_right&#8221; vertical_offset=&#8221;40px&#8221; horizontal_offset=&#8221;40px&#8221; custom_padding=&#8221;||0px|||&#8221; global_colors_info=&#8221;{}&#8221;][et_pb_column type=&#8221;4_4&#8243; _builder_version=&#8221;4.19.0&#8243; _module_preset=&#8221;default&#8221; global_colors_info=&#8221;{}&#8221;][et_pb_text _builder_version=&#8221;4.19.0&#8243; _dynamic_attributes=&#8221;link_option_url&#8221; _module_preset=&#8221;default&#8221; header_2_font=&#8221;Playfair Display|900|||||||&#8221; header_2_text_align=&#8221;right&#8221; header_2_text_color=&#8221;#FFFFFF&#8221; header_2_font_size=&#8221;16px&#8221; link_option_url=&#8221;@ET-DC@eyJkeW5hbWljIjp0cnVlLCJjb250ZW50IjoiaG9tZV91cmwiLCJzZXR0aW5ncyI6W119@&#8221; global_colors_info=&#8221;{}&#8221;]<\/p>\n<h2>back<\/h2>\n<p>[\/et_pb_text][\/et_pb_column][\/et_pb_row][\/et_pb_section][et_pb_section fb_built=&#8221;1&#8243; disabled_on=&#8221;on|off|on&#8221; _builder_version=&#8221;4.19.0&#8243; _module_preset=&#8221;default&#8221; background_image=&#8221;https:\/\/hotel-fichtelberghaus.de\/wp-content\/uploads\/2022\/11\/Fichtelberghaus_Header-tab-scaled.jpg&#8221; background_position=&#8221;bottom_center&#8221; min_height=&#8221;100vh&#8221; custom_padding=&#8221;40px||||false|false&#8221; hover_enabled=&#8221;0&#8243; global_colors_info=&#8221;{}&#8221; sticky_enabled=&#8221;0&#8243;][et_pb_row _builder_version=&#8221;4.19.0&#8243; _module_preset=&#8221;default&#8221; background_color=&#8221;#002434&#8243; transform_translate=&#8221;5vw|0px&#8221; transform_translate_linked=&#8221;off&#8221; width=&#8221;70%&#8221; max_width=&#8221;500px&#8221; module_alignment=&#8221;left&#8221; custom_margin=&#8221;||||false|false&#8221; box_shadow_style=&#8221;preset1&#8243; global_colors_info=&#8221;{}&#8221;][et_pb_column type=&#8221;4_4&#8243; _builder_version=&#8221;4.19.0&#8243; _module_preset=&#8221;default&#8221; global_colors_info=&#8221;{}&#8221;][et_pb_text _builder_version=&#8221;4.19.0&#8243; _module_preset=&#8221;default&#8221; header_text_color=&#8221;#707070&#8243; header_6_font=&#8221;Playfair Display|800|||||||&#8221; header_6_text_color=&#8221;rgba(255,255,255,0.1)&#8221; header_6_font_size=&#8221;80px&#8221; positioning=&#8221;absolute&#8221; horizontal_offset=&#8221;5%&#8221; width=&#8221;90%&#8221; global_colors_info=&#8221;{}&#8221;]<\/p>\n<h6>I<\/h6>\n<p>[\/et_pb_text][et_pb_text _builder_version=&#8221;4.19.0&#8243; _module_preset=&#8221;default&#8221; header_text_align=&#8221;left&#8221; width=&#8221;100%&#8221; max_width=&#8221;90%&#8221; module_alignment=&#8221;center&#8221; custom_margin=&#8221;40px||||false|false&#8221; global_colors_info=&#8221;{}&#8221;]<\/p>\n<h1>Imprint<\/h1>\n<p>[\/et_pb_text][et_pb_text _builder_version=&#8221;4.27.4&#8243; _module_preset=&#8221;default&#8221; link_text_color=&#8221;#FFFFFF&#8221; header_text_color=&#8221;#707070&#8243; width=&#8221;90%&#8221; max_width=&#8221;90%&#8221; module_alignment=&#8221;center&#8221; hover_enabled=&#8221;0&#8243; global_colors_info=&#8221;{}&#8221; sticky_enabled=&#8221;0&#8243;]<\/p>\n<p><strong>LGO Fichtelberghaus GmbH  <\/strong><\/p>\n<p>represented by: Managing Director Constantin Gl\u00e4\u00df<\/p>\n<p>Fichtelbergstra\u00dfe 8 \/ 09484 Kurort Oberwiesenthal<\/p>\n<p>info@fichtelberghaus.de<br \/>037348 1230<\/p>\n<p><strong>Dispute resolution<\/strong><br \/><span>The European Commission provides a platform for online dispute resolution (OS): <a href=\"https:\/\/ec.europa.eu\/consumers\/odr\" target=\"_blank\" rel=\"noopener\">https:\/\/ec.europa.eu\/consumers\/odr.<\/a><\/span><\/p>\n<p>[\/et_pb_text][\/et_pb_column][\/et_pb_row][et_pb_row _builder_version=&#8221;4.19.0&#8243; _module_preset=&#8221;default&#8221; positioning=&#8221;absolute&#8221; position_origin_a=&#8221;bottom_center&#8221; vertical_offset=&#8221;10vh&#8221; width_tablet=&#8221;100%&#8221; width_phone=&#8221;100%&#8221; width_last_edited=&#8221;on|tablet&#8221; global_colors_info=&#8221;{}&#8221;][et_pb_column type=&#8221;4_4&#8243; _builder_version=&#8221;4.19.0&#8243; _module_preset=&#8221;default&#8221; global_colors_info=&#8221;{}&#8221;][et_pb_image src=&#8221;https:\/\/hotel-fichtelberghaus.de\/wp-content\/uploads\/2022\/11\/Logo_Fichtelberghaus_CMYK-GOLD.png&#8221; title_text=&#8221;Logoo_Fichtelberghaus_CMYK-GOLD&#8221; _builder_version=&#8221;4.19.0&#8243; _module_preset=&#8221;default&#8221; max_width=&#8221;300px&#8221; module_alignment=&#8221;center&#8221; global_colors_info=&#8221;{}&#8221;][\/et_pb_image][\/et_pb_column][\/et_pb_row][et_pb_row _builder_version=&#8221;4.19.0&#8243; _module_preset=&#8221;default&#8221; positioning=&#8221;absolute&#8221; position_origin_a=&#8221;bottom_right&#8221; vertical_offset=&#8221;40px&#8221; horizontal_offset=&#8221;40px&#8221; custom_padding=&#8221;||20px||false|false&#8221; global_colors_info=&#8221;{}&#8221;][et_pb_column type=&#8221;4_4&#8243; _builder_version=&#8221;4.19.0&#8243; _module_preset=&#8221;default&#8221; global_colors_info=&#8221;{}&#8221;][et_pb_text _builder_version=&#8221;4.19.0&#8243; _dynamic_attributes=&#8221;link_option_url&#8221; _module_preset=&#8221;default&#8221; header_2_font=&#8221;Playfair Display|900|||||||&#8221; header_2_text_align=&#8221;right&#8221; header_2_text_color=&#8221;#FFFFFF&#8221; header_2_font_size=&#8221;16px&#8221; link_option_url=&#8221;@ET-DC@eyJkeW5hbWljIjp0cnVlLCJjb250ZW50IjoiaG9tZV91cmwiLCJzZXR0aW5ncyI6W119@&#8221; global_colors_info=&#8221;{}&#8221;]<\/p>\n<h2>back<\/h2>\n<p>[\/et_pb_text][\/et_pb_column][\/et_pb_row][\/et_pb_section][et_pb_section fb_built=&#8221;1&#8243; disabled_on=&#8221;off|on|on&#8221; _builder_version=&#8221;4.27.4&#8243; _module_preset=&#8221;default&#8221; background_image=&#8221;https:\/\/hotel-fichtelberghaus.de\/wp-content\/uploads\/2022\/11\/Fichtelberghaus_Header-mobil.jpg&#8221; background_position=&#8221;bottom_center&#8221; background_vertical_offset=&#8221;30%&#8221; height=&#8221;50vh&#8221; hover_enabled=&#8221;0&#8243; global_colors_info=&#8221;{}&#8221; sticky_enabled=&#8221;0&#8243;][et_pb_row _builder_version=&#8221;4.19.0&#8243; _module_preset=&#8221;default&#8221; positioning=&#8221;absolute&#8221; position_origin_a=&#8221;bottom_center&#8221; vertical_offset=&#8221;2vh&#8221; width_tablet=&#8221;&#8221; width_phone=&#8221;100%&#8221; width_last_edited=&#8221;on|phone&#8221; global_colors_info=&#8221;{}&#8221;][et_pb_column type=&#8221;4_4&#8243; _builder_version=&#8221;4.19.0&#8243; _module_preset=&#8221;default&#8221; global_colors_info=&#8221;{}&#8221;][et_pb_image src=&#8221;https:\/\/hotel-fichtelberghaus.de\/wp-content\/uploads\/2022\/11\/Logo_Fichtelberghaus_CMYK-GOLD.png&#8221; title_text=&#8221;Logoo_Fichtelberghaus_CMYK-GOLD&#8221; _builder_version=&#8221;4.19.0&#8243; _module_preset=&#8221;default&#8221; max_width=&#8221;150px&#8221; module_alignment=&#8221;center&#8221; global_colors_info=&#8221;{}&#8221;][\/et_pb_image][\/et_pb_column][\/et_pb_row][\/et_pb_section][et_pb_section fb_built=&#8221;1&#8243; disabled_on=&#8221;off|on|on&#8221; _builder_version=&#8221;4.27.4&#8243; _module_preset=&#8221;default&#8221; custom_padding=&#8221;0px||0px||false|false&#8221; hover_enabled=&#8221;0&#8243; global_colors_info=&#8221;{}&#8221; sticky_enabled=&#8221;0&#8243;][et_pb_row _builder_version=&#8221;4.19.0&#8243; _module_preset=&#8221;default&#8221; background_color=&#8221;#002434&#8243; transform_translate_linked=&#8221;off&#8221; width=&#8221;100%&#8221; max_width=&#8221;100%&#8221; module_alignment=&#8221;center&#8221; custom_margin=&#8221;||||false|false&#8221; custom_padding=&#8221;20px||0px||false|false&#8221; global_colors_info=&#8221;{}&#8221;][et_pb_column type=&#8221;4_4&#8243; _builder_version=&#8221;4.19.0&#8243; _module_preset=&#8221;default&#8221; global_colors_info=&#8221;{}&#8221;][et_pb_text _builder_version=&#8221;4.19.0&#8243; _module_preset=&#8221;default&#8221; header_text_color=&#8221;#707070&#8243; header_6_font=&#8221;Playfair Display|800|||||||&#8221; header_6_text_color=&#8221;rgba(255,255,255,0.1)&#8221; header_6_font_size=&#8221;50px&#8221; positioning=&#8221;absolute&#8221; horizontal_offset=&#8221;5%&#8221; width=&#8221;90%&#8221; global_colors_info=&#8221;{}&#8221;]<\/p>\n<h6>I<\/h6>\n<p>[\/et_pb_text][et_pb_text _builder_version=&#8221;4.19.0&#8243; _module_preset=&#8221;default&#8221; header_text_align=&#8221;left&#8221; header_font_size=&#8221;22px&#8221; width=&#8221;100%&#8221; max_width=&#8221;90%&#8221; module_alignment=&#8221;center&#8221; custom_margin=&#8221;23px||10px||false|false&#8221; global_colors_info=&#8221;{}&#8221;]<\/p>\n<h1>Imprint<\/h1>\n<p>[\/et_pb_text][et_pb_text _builder_version=&#8221;4.27.4&#8243; _module_preset=&#8221;default&#8221; text_font_size=&#8221;16px&#8221; link_text_color=&#8221;#FFFFFF&#8221; header_text_color=&#8221;#707070&#8243; width=&#8221;90%&#8221; max_width=&#8221;90%&#8221; module_alignment=&#8221;center&#8221; custom_margin=&#8221;||5px|||&#8221; hover_enabled=&#8221;0&#8243; global_colors_info=&#8221;{}&#8221; sticky_enabled=&#8221;0&#8243;]<\/p>\n<p><strong>LGO Fichtelberghaus GmbH  <\/strong><\/p>\n<p>represented by: Managing Director Constantin Gl\u00e4\u00df<\/p>\n<p>Fichtelbergstra\u00dfe 8 \/ 09484 Kurort Oberwiesenthal<\/p>\n<p>info@fichtelberghaus.de<br \/>037348 1230<\/p>\n<p><strong>Dispute resolution<\/strong><br \/><span>The European Commission provides a platform for online dispute resolution (OS): <a href=\"https:\/\/ec.europa.eu\/consumers\/odr\" target=\"_blank\" rel=\"noopener\">https:\/\/ec.europa.eu\/consumers\/odr.<\/a><\/span><\/p>\n<p>[\/et_pb_text][et_pb_text _builder_version=&#8221;4.19.0&#8243; _dynamic_attributes=&#8221;link_option_url&#8221; _module_preset=&#8221;default&#8221; header_2_font=&#8221;Playfair Display|900|||||||&#8221; header_2_text_align=&#8221;left&#8221; header_2_text_color=&#8221;#FFFFFF&#8221; header_2_font_size=&#8221;12px&#8221; position_origin_a=&#8221;bottom_right&#8221; width_tablet=&#8221;&#8221; width_phone=&#8221;100%&#8221; width_last_edited=&#8221;on|phone&#8221; max_width=&#8221;90%&#8221; module_alignment=&#8221;center&#8221; custom_margin=&#8221;40px||||false|false&#8221; link_option_url=&#8221;@ET-DC@eyJkeW5hbWljIjp0cnVlLCJjb250ZW50IjoiaG9tZV91cmwiLCJzZXR0aW5ncyI6W119@&#8221; global_colors_info=&#8221;{}&#8221;]<\/p>\n<h2>back<\/h2>\n<p>[\/et_pb_text][\/et_pb_column][\/et_pb_row][\/et_pb_section]<\/p>\n<span class=\"et_bloom_bottom_trigger\"><\/span>","protected":false},"excerpt":{"rendered":"<p>IImprintLGO Fichtelberghaus GmbH represented by: Managing Director Constantin Gl\u00e4\u00df Fichtelbergstra\u00dfe 8 \/ 09484 Kurort Oberwiesenthal info@fichtelberghaus.de037348 1230 Dispute resolution We are not willing or obliged to participate in dispute resolution proceedings before a consumer arbitration board.backIImprintLGO Fichtelberghaus GmbH represented by: Managing Director Constantin Gl\u00e4\u00df Fichtelbergstra\u00dfe 8 \/ 09484 Kurort Oberwiesenthal info@fichtelberghaus.de037348 1230 Dispute resolutionThe European [&hellip;]<\/p>\n","protected":false},"author":1,"featured_media":0,"parent":0,"menu_order":0,"comment_status":"closed","ping_status":"closed","template":"","meta":{"_acf_changed":false,"_et_pb_use_builder":"on","_et_pb_old_content":"","_et_gb_content_width":"","footnotes":""},"class_list":["post-264270","page","type-page","status-publish","hentry"],"acf":[],"_links":{"self":[{"href":"https:\/\/hotel-fichtelberghaus.de\/en\/wp-json\/wp\/v2\/pages\/264270","targetHints":{"allow":["GET"]}}],"collection":[{"href":"https:\/\/hotel-fichtelberghaus.de\/en\/wp-json\/wp\/v2\/pages"}],"about":[{"href":"https:\/\/hotel-fichtelberghaus.de\/en\/wp-json\/wp\/v2\/types\/page"}],"author":[{"embeddable":true,"href":"https:\/\/hotel-fichtelberghaus.de\/en\/wp-json\/wp\/v2\/users\/1"}],"replies":[{"embeddable":true,"href":"https:\/\/hotel-fichtelberghaus.de\/en\/wp-json\/wp\/v2\/comments?post=264270"}],"version-history":[{"count":17,"href":"https:\/\/hotel-fichtelberghaus.de\/en\/wp-json\/wp\/v2\/pages\/264270\/revisions"}],"predecessor-version":[{"id":264873,"href":"https:\/\/hotel-fichtelberghaus.de\/en\/wp-json\/wp\/v2\/pages\/264270\/revisions\/264873"}],"wp:attachment":[{"href":"https:\/\/hotel-fichtelberghaus.de\/en\/wp-json\/wp\/v2\/media?parent=264270"}],"curies":[{"name":"wp","href":"https:\/\/api.w.org\/{rel}","templated":true}]}}