{"id":264267,"date":"2022-11-15T18:49:49","date_gmt":"2022-11-15T17:49:49","guid":{"rendered":"https:\/\/hotel-fichtelberghaus.de\/otisk\/"},"modified":"2025-10-21T14:21:05","modified_gmt":"2025-10-21T12:21:05","slug":"otisk","status":"publish","type":"page","link":"https:\/\/hotel-fichtelberghaus.de\/cs\/otisk\/","title":{"rendered":"Otisk"},"content":{"rendered":"<p>[et_pb_section fb_built=&#8220;1&#8243; disabled_on=&#8220;on|on|off&#8220; _builder_version=&#8220;4.19.0&#8243; _module_preset=&#8220;default&#8220; background_image=&#8220;https:\/\/hotel-fichtelberghaus.de\/wp-content\/uploads\/2022\/11\/Fichtelberghaus_Header-scaled.jpg&#8220; background_position=&#8220;bottom_center&#8220; height=&#8220;100vh&#8220; custom_padding=&#8220;150px||||false|false&#8220; hover_enabled=&#8220;0&#8243; global_colors_info=&#8220;{}&#8220; sticky_enabled=&#8220;0&#8243;][et_pb_row _builder_version=&#8220;4.19.0&#8243; _module_preset=&#8220;default&#8220; background_color=&#8220;#002434&#8243; transform_translate=&#8220;5vw|0px&#8220; transform_translate_linked=&#8220;off&#8220; width=&#8220;50%&#8220; max_width=&#8220;500px&#8220; module_alignment=&#8220;left&#8220; custom_margin=&#8220;||||false|false&#8220; box_shadow_style=&#8220;preset1&#8243; global_colors_info=&#8220;{}&#8220;][et_pb_column type=&#8220;4_4&#8243; _builder_version=&#8220;4.19.0&#8243; _module_preset=&#8220;default&#8220; global_colors_info=&#8220;{}&#8220;][et_pb_text _builder_version=&#8220;4.19.0&#8243; _module_preset=&#8220;default&#8220; header_text_color=&#8220;#707070&#8243; header_6_font=&#8220;Playfair Display|800|||||||&#8220; header_6_text_color=&#8220;rgba(255,255,255,0.1)&#8220; header_6_font_size=&#8220;80px&#8220; positioning=&#8220;absolute&#8220; horizontal_offset=&#8220;5%&#8220; width=&#8220;90%&#8220; global_colors_info=&#8220;{}&#8220;]<\/p>\n<h6>O<\/h6>\n<p>[\/et_pb_text][et_pb_text _builder_version=&#8220;4.19.0&#8243; _module_preset=&#8220;default&#8220; header_text_align=&#8220;left&#8220; width=&#8220;90%&#8220; module_alignment=&#8220;center&#8220; custom_margin=&#8220;40px||40px||true|false&#8220; global_colors_info=&#8220;{}&#8220;]<\/p>\n<h1>Otisk<\/h1>\n<p>[\/et_pb_text][et_pb_text _builder_version=&#8220;4.27.4&#8243; _module_preset=&#8220;default&#8220; link_font=&#8220;|||||||#FFFFFF|&#8220; link_text_color=&#8220;#FFFFFF&#8220; header_text_color=&#8220;#707070&#8243; width=&#8220;90%&#8220; module_alignment=&#8220;center&#8220; global_colors_info=&#8220;{}&#8220;]<\/p>\n<p><strong>LGO Fichtelberghaus GmbH  <\/strong><\/p>\n<p>zastoupen\u00e9: Constantin Gl\u00e4\u00df, gener\u00e1ln\u00ed \u0159editel<\/p>\n<p>Fichtelbergstra\u00dfe 8 \/ 09484 Kurort Oberwiesenthal<\/p>\n<p>info@fichtelberghaus.de 037348 1230<\/p>\n<p><strong>\u0158e\u0161en\u00ed spor\u016f<\/strong><\/p>\n<p><span>Nejsme ochotni ani povinni \u00fa\u010dastnit se \u0159\u00edzen\u00ed o \u0159e\u0161en\u00ed spor\u016f p\u0159ed spot\u0159ebitelskou rozhod\u010d\u00ed komis\u00ed.<br \/><\/span><\/p>\n<p>[\/et_pb_text][\/et_pb_column][\/et_pb_row][et_pb_row _builder_version=&#8220;4.19.0&#8243; _module_preset=&#8220;default&#8220; positioning=&#8220;absolute&#8220; position_origin_a=&#8220;bottom_center&#8220; vertical_offset=&#8220;10vh&#8220; global_colors_info=&#8220;{}&#8220;][et_pb_column type=&#8220;4_4&#8243; _builder_version=&#8220;4.19.0&#8243; _module_preset=&#8220;default&#8220; global_colors_info=&#8220;{}&#8220;][et_pb_image src=&#8220;https:\/\/hotel-fichtelberghaus.de\/wp-content\/uploads\/2022\/11\/Logo_Fichtelberghaus_CMYK-GOLD.png&#8220; title_text=&#8220;Logo_Fichtelberghaus_CMYK-GOLD&#8220; _builder_version=&#8220;4.19.0&#8243; _module_preset=&#8220;default&#8220; width=&#8220;300px&#8220; module_alignment=&#8220;center&#8220; global_colors_info=&#8220;{}&#8220;][\/et_pb_image][\/et_pb_column][\/et_pb_row][et_pb_row _builder_version=&#8220;4.19.0&#8243; _module_preset=&#8220;default&#8220; positioning=&#8220;absolute&#8220; position_origin_a=&#8220;bottom_right&#8220; vertical_offset=&#8220;40px&#8220; horizontal_offset=&#8220;40px&#8220; custom_padding=&#8220;||0px|||&#8220; global_colors_info=&#8220;{}&#8220;][et_pb_column type=&#8220;4_4&#8243; _builder_version=&#8220;4.19.0&#8243; _module_preset=&#8220;default&#8220; global_colors_info=&#8220;{}&#8220;][et_pb_text _builder_version=&#8220;4.19.0&#8243; _dynamic_attributes=&#8220;link_option_url&#8220; _module_preset=&#8220;default&#8220; header_2_font=&#8220;Playfair Display|900|||||||&#8220; header_2_text_align=&#8220;right&#8220; header_2_text_color=&#8220;#FFFFFF&#8220; header_2_font_size=&#8220;16px&#8220; link_option_url=&#8220;@ET-DC@eyJkeW5hbWljIjp0cnVlLCJjb250ZW50IjoiaG9tZV91cmwiLCJzZXR0aW5ncyI6W119@&#8220; global_colors_info=&#8220;{}&#8220;]<\/p>\n<h2>zp\u011bt<\/h2>\n<p>[\/et_pb_text][\/et_pb_column][\/et_pb_row][\/et_pb_section][et_pb_section fb_built=&#8220;1&#8243; disabled_on=&#8220;on|off|on&#8220; _builder_version=&#8220;4.19.0&#8243; _module_preset=&#8220;default&#8220; background_image=&#8220;https:\/\/hotel-fichtelberghaus.de\/wp-content\/uploads\/2022\/11\/Fichtelberghaus_Header-tab-scaled.jpg&#8220; background_position=&#8220;bottom_center&#8220; min_height=&#8220;100vh&#8220; custom_padding=&#8220;40px||||false|false&#8220; hover_enabled=&#8220;0&#8243; global_colors_info=&#8220;{}&#8220; sticky_enabled=&#8220;0&#8243;][et_pb_row _builder_version=&#8220;4.19.0&#8243; _module_preset=&#8220;default&#8220; background_color=&#8220;#002434&#8243; transform_translate=&#8220;5vw|0px&#8220; transform_translate_linked=&#8220;off&#8220; width=&#8220;70%&#8220; max_width=&#8220;500px&#8220; module_alignment=&#8220;left&#8220; custom_margin=&#8220;||||false|false&#8220; box_shadow_style=&#8220;preset1&#8243; global_colors_info=&#8220;{}&#8220;][et_pb_column type=&#8220;4_4&#8243; _builder_version=&#8220;4.19.0&#8243; _module_preset=&#8220;default&#8220; global_colors_info=&#8220;{}&#8220;][et_pb_text _builder_version=&#8220;4.19.0&#8243; _module_preset=&#8220;default&#8220; header_text_color=&#8220;#707070&#8243; header_6_font=&#8220;Playfair Display|800|||||||&#8220; header_6_text_color=&#8220;rgba(255,255,255,0.1)&#8220; header_6_font_size=&#8220;80px&#8220; positioning=&#8220;absolute&#8220; horizontal_offset=&#8220;5%&#8220; width=&#8220;90%&#8220; global_colors_info=&#8220;{}&#8220;]<\/p>\n<h6>O<\/h6>\n<p>[\/et_pb_text][et_pb_text _builder_version=&#8220;4.19.0&#8243; _module_preset=&#8220;default&#8220; header_text_align=&#8220;left&#8220; width=&#8220;100%&#8220; max_width=&#8220;90%&#8220; module_alignment=&#8220;center&#8220; custom_margin=&#8220;40px||||false|false&#8220; global_colors_info=&#8220;{}&#8220;]<\/p>\n<h1>Otisk<\/h1>\n<p>[\/et_pb_text][et_pb_text _builder_version=&#8220;4.27.4&#8243; _module_preset=&#8220;default&#8220; link_text_color=&#8220;#FFFFFF&#8220; header_text_color=&#8220;#707070&#8243; width=&#8220;90%&#8220; max_width=&#8220;90%&#8220; module_alignment=&#8220;center&#8220; hover_enabled=&#8220;0&#8243; global_colors_info=&#8220;{}&#8220; sticky_enabled=&#8220;0&#8243;]<\/p>\n<p><strong>LGO Fichtelberghaus GmbH  <\/strong><\/p>\n<p>zastoupen\u00e9: Constantin Gl\u00e4\u00df, gener\u00e1ln\u00ed \u0159editel<\/p>\n<p>Fichtelbergstra\u00dfe 8 \/ 09484 Kurort Oberwiesenthal<\/p>\n<p>info@fichtelberghaus.de 037348 1230<\/p>\n<p><strong>\u0158e\u0161en\u00ed spor\u016f<\/strong><br \/><span>Evropsk\u00e1 komise poskytuje platformu pro online \u0159e\u0161en\u00ed spor\u016f (OS): <a href=\"https:\/\/ec.europa.eu\/consumers\/odr\" target=\"_blank\" rel=\"noopener\">https:\/\/ec.europa.eu\/consumers\/odr<\/a>.<\/span><\/p>\n<p>[\/et_pb_text][\/et_pb_column][\/et_pb_row][et_pb_row _builder_version=&#8220;4.19.0&#8243; _module_preset=&#8220;default&#8220; positioning=&#8220;absolute&#8220; position_origin_a=&#8220;bottom_center&#8220; vertical_offset=&#8220;10vh&#8220; width_tablet=&#8220;100%&#8220; width_phone=&#8220;100%&#8220; width_last_edited=&#8220;on|tablet&#8220; global_colors_info=&#8220;{}&#8220;][et_pb_column type=&#8220;4_4&#8243; _builder_version=&#8220;4.19.0&#8243; _module_preset=&#8220;default&#8220; global_colors_info=&#8220;{}&#8220;][et_pb_image src=&#8220;https:\/\/hotel-fichtelberghaus.de\/wp-content\/uploads\/2022\/11\/Logo_Fichtelberghaus_CMYK-GOLD.png&#8220; title_text=&#8220;Logo_Fichtelberghaus_CMYK-GOLD&#8220; _builder_version=&#8220;4.19.0&#8243; _module_preset=&#8220;default&#8220; max_width=&#8220;300px&#8220; module_alignment=&#8220;center&#8220; global_colors_info=&#8220;{}&#8220;][\/et_pb_image][\/et_pb_column][\/et_pb_row][et_pb_row _builder_version=&#8220;4.19.0&#8243; _module_preset=&#8220;default&#8220; positioning=&#8220;absolute&#8220; position_origin_a=&#8220;bottom_right&#8220; vertical_offset=&#8220;40px&#8220; horizontal_offset=&#8220;40px&#8220; custom_padding=&#8220;||20px||false|false&#8220; global_colors_info=&#8220;{}&#8220;][et_pb_column type=&#8220;4_4&#8243; _builder_version=&#8220;4.19.0&#8243; _module_preset=&#8220;default&#8220; global_colors_info=&#8220;{}&#8220;][et_pb_text _builder_version=&#8220;4.19.0&#8243; _dynamic_attributes=&#8220;link_option_url&#8220; _module_preset=&#8220;default&#8220; header_2_font=&#8220;Playfair Display|900|||||||&#8220; header_2_text_align=&#8220;right&#8220; header_2_text_color=&#8220;#FFFFFF&#8220; header_2_font_size=&#8220;16px&#8220; link_option_url=&#8220;@ET-DC@eyJkeW5hbWljIjp0cnVlLCJjb250ZW50IjoiaG9tZV91cmwiLCJzZXR0aW5ncyI6W119@&#8220; global_colors_info=&#8220;{}&#8220;]<\/p>\n<h2>zp\u011bt<\/h2>\n<p>[\/et_pb_text][\/et_pb_column][\/et_pb_row][\/et_pb_section][et_pb_section fb_built=&#8220;1&#8243; disabled_on=&#8220;off|on|on&#8220; _builder_version=&#8220;4.27.4&#8243; _module_preset=&#8220;default&#8220; background_image=&#8220;https:\/\/hotel-fichtelberghaus.de\/wp-content\/uploads\/2022\/11\/Fichtelberghaus_Header-mobil.jpg&#8220; background_position=&#8220;bottom_center&#8220; background_vertical_offset=&#8220;30%&#8220; height=&#8220;50vh&#8220; hover_enabled=&#8220;0&#8243; global_colors_info=&#8220;{}&#8220; sticky_enabled=&#8220;0&#8243;][et_pb_row _builder_version=&#8220;4.19.0&#8243; _module_preset=&#8220;default&#8220; positioning=&#8220;absolute&#8220; position_origin_a=&#8220;bottom_center&#8220; vertical_offset=&#8220;2vh&#8220; width_tablet=&#8220;&#8220; width_phone=&#8220;100%&#8220; width_last_edited=&#8220;on|phone&#8220; global_colors_info=&#8220;{}&#8220;][et_pb_column type=&#8220;4_4&#8243; _builder_version=&#8220;4.19.0&#8243; _module_preset=&#8220;default&#8220; global_colors_info=&#8220;{}&#8220;][et_pb_image src=&#8220;https:\/\/hotel-fichtelberghaus.de\/wp-content\/uploads\/2022\/11\/Logo_Fichtelberghaus_CMYK-GOLD.png&#8220; title_text=&#8220;Logo_Fichtelberghaus_CMYK-GOLD&#8220; _builder_version=&#8220;4.19.0&#8243; _module_preset=&#8220;default&#8220; max_width=&#8220;150px&#8220; module_alignment=&#8220;center&#8220; global_colors_info=&#8220;{}&#8220;][\/et_pb_image][\/et_pb_column][\/et_pb_row][\/et_pb_section][et_pb_section fb_built=&#8220;1&#8243; disabled_on=&#8220;off|on|on&#8220; _builder_version=&#8220;4.27.4&#8243; _module_preset=&#8220;default&#8220; custom_padding=&#8220;0px||0px||false|false&#8220; hover_enabled=&#8220;0&#8243; global_colors_info=&#8220;{}&#8220; sticky_enabled=&#8220;0&#8243;][et_pb_row _builder_version=&#8220;4.19.0&#8243; _module_preset=&#8220;default&#8220; background_color=&#8220;#002434&#8243; transform_translate_linked=&#8220;off&#8220; width=&#8220;100%&#8220; max_width=&#8220;100%&#8220; module_alignment=&#8220;center&#8220; custom_margin=&#8220;||||false|false&#8220; custom_padding=&#8220;20px||0px||false|false&#8220; global_colors_info=&#8220;{}&#8220;][et_pb_column type=&#8220;4_4&#8243; _builder_version=&#8220;4.19.0&#8243; _module_preset=&#8220;default&#8220; global_colors_info=&#8220;{}&#8220;][et_pb_text _builder_version=&#8220;4.19.0&#8243; _module_preset=&#8220;default&#8220; header_text_color=&#8220;#707070&#8243; header_6_font=&#8220;Playfair Display|800|||||||&#8220; header_6_text_color=&#8220;rgba(255,255,255,0.1)&#8220; header_6_font_size=&#8220;50px&#8220; positioning=&#8220;absolute&#8220; horizontal_offset=&#8220;5%&#8220; width=&#8220;90%&#8220; global_colors_info=&#8220;{}&#8220;]<\/p>\n<h6>O<\/h6>\n<p>[\/et_pb_text][et_pb_text _builder_version=&#8220;4.19.0&#8243; _module_preset=&#8220;default&#8220; header_text_align=&#8220;left&#8220; header_font_size=&#8220;22px&#8220; width=&#8220;100%&#8220; max_width=&#8220;90%&#8220; module_alignment=&#8220;center&#8220; custom_margin=&#8220;23px||10px||false|false&#8220; global_colors_info=&#8220;{}&#8220;]<\/p>\n<h1>Otisk<\/h1>\n<p>[\/et_pb_text][et_pb_text _builder_version=&#8220;4.27.4&#8243; _module_preset=&#8220;default&#8220; text_font_size=&#8220;16px&#8220; link_text_color=&#8220;#FFFFFF&#8220; header_text_color=&#8220;#707070&#8243; width=&#8220;90%&#8220; max_width=&#8220;90%&#8220; module_alignment=&#8220;center&#8220; custom_margin=&#8220;||5px|||&#8220; hover_enabled=&#8220;0&#8243; global_colors_info=&#8220;{}&#8220; sticky_enabled=&#8220;0&#8243;]<\/p>\n<p><strong>LGO Fichtelberghaus GmbH  <\/strong><\/p>\n<p>zastoupen\u00e9: Constantin Gl\u00e4\u00df, gener\u00e1ln\u00ed \u0159editel<\/p>\n<p>Fichtelbergstra\u00dfe 8 \/ 09484 Kurort Oberwiesenthal<\/p>\n<p>info@fichtelberghaus.de 037348 1230<\/p>\n<p><strong>\u0158e\u0161en\u00ed spor\u016f<\/strong><br \/><span>Evropsk\u00e1 komise poskytuje platformu pro online \u0159e\u0161en\u00ed spor\u016f (OS): <a href=\"https:\/\/ec.europa.eu\/consumers\/odr\" target=\"_blank\" rel=\"noopener\">https:\/\/ec.europa.eu\/consumers\/odr<\/a>.<\/span><\/p>\n<p>[\/et_pb_text][et_pb_text _builder_version=&#8220;4.19.0&#8243; _dynamic_attributes=&#8220;link_option_url&#8220; _module_preset=&#8220;default&#8220; header_2_font=&#8220;Playfair Display|900|||||||&#8220; header_2_text_align=&#8220;left&#8220; header_2_text_color=&#8220;#FFFFFF&#8220; header_2_font_size=&#8220;12px&#8220; position_origin_a=&#8220;bottom_right&#8220; width_tablet=&#8220;&#8220; width_phone=&#8220;100%&#8220; width_last_edited=&#8220;on|phone&#8220; max_width=&#8220;90%&#8220; module_alignment=&#8220;center&#8220; custom_margin=&#8220;40px||||false|false&#8220; link_option_url=&#8220;@ET-DC@eyJkeW5hbWljIjp0cnVlLCJjb250ZW50IjoiaG9tZV91cmwiLCJzZXR0aW5ncyI6W119@&#8220; global_colors_info=&#8220;{}&#8220;]<\/p>\n<h2>zp\u011bt<\/h2>\n<p>[\/et_pb_text][\/et_pb_column][\/et_pb_row][\/et_pb_section]<\/p>\n<span class=\"et_bloom_bottom_trigger\"><\/span>","protected":false},"excerpt":{"rendered":"<p>OOtiskLGO Fichtelberghaus GmbH zastoupen\u00e9: Constantin Gl\u00e4\u00df, gener\u00e1ln\u00ed \u0159editel Fichtelbergstra\u00dfe 8 \/ 09484 Kurort Oberwiesenthal info@fichtelberghaus.de 037348 1230 \u0158e\u0161en\u00ed spor\u016f Nejsme ochotni ani povinni \u00fa\u010dastnit se \u0159\u00edzen\u00ed o \u0159e\u0161en\u00ed spor\u016f p\u0159ed spot\u0159ebitelskou rozhod\u010d\u00ed komis\u00ed.zp\u011btOOtiskLGO Fichtelberghaus GmbH zastoupen\u00e9: Constantin Gl\u00e4\u00df, gener\u00e1ln\u00ed \u0159editel Fichtelbergstra\u00dfe 8 \/ 09484 Kurort Oberwiesenthal info@fichtelberghaus.de 037348 1230 \u0158e\u0161en\u00ed spor\u016fEvropsk\u00e1 komise poskytuje platformu pro [&hellip;]<\/p>\n","protected":false},"author":1,"featured_media":0,"parent":0,"menu_order":0,"comment_status":"closed","ping_status":"closed","template":"","meta":{"_acf_changed":false,"_et_pb_use_builder":"on","_et_pb_old_content":"","_et_gb_content_width":"","footnotes":""},"class_list":["post-264267","page","type-page","status-publish","hentry"],"acf":[],"_links":{"self":[{"href":"https:\/\/hotel-fichtelberghaus.de\/cs\/wp-json\/wp\/v2\/pages\/264267","targetHints":{"allow":["GET"]}}],"collection":[{"href":"https:\/\/hotel-fichtelberghaus.de\/cs\/wp-json\/wp\/v2\/pages"}],"about":[{"href":"https:\/\/hotel-fichtelberghaus.de\/cs\/wp-json\/wp\/v2\/types\/page"}],"author":[{"embeddable":true,"href":"https:\/\/hotel-fichtelberghaus.de\/cs\/wp-json\/wp\/v2\/users\/1"}],"replies":[{"embeddable":true,"href":"https:\/\/hotel-fichtelberghaus.de\/cs\/wp-json\/wp\/v2\/comments?post=264267"}],"version-history":[{"count":15,"href":"https:\/\/hotel-fichtelberghaus.de\/cs\/wp-json\/wp\/v2\/pages\/264267\/revisions"}],"predecessor-version":[{"id":264890,"href":"https:\/\/hotel-fichtelberghaus.de\/cs\/wp-json\/wp\/v2\/pages\/264267\/revisions\/264890"}],"wp:attachment":[{"href":"https:\/\/hotel-fichtelberghaus.de\/cs\/wp-json\/wp\/v2\/media?parent=264267"}],"curies":[{"name":"wp","href":"https:\/\/api.w.org\/{rel}","templated":true}]}}