{"id":256138,"date":"2022-11-23T14:40:56","date_gmt":"2022-11-23T13:40:56","guid":{"rendered":"https:\/\/hotel-fichtelberghaus.de\/zasady-ochrany-osobnich-udaju\/"},"modified":"2026-02-23T14:44:43","modified_gmt":"2026-02-23T13:44:43","slug":"zasady-ochrany-osobnich-udaju","status":"publish","type":"page","link":"https:\/\/hotel-fichtelberghaus.de\/cs\/zasady-ochrany-osobnich-udaju\/","title":{"rendered":"Z\u00e1sady ochrany osobn\u00edch \u00fadaj\u016f"},"content":{"rendered":"<p>[et_pb_section fb_built=&#8220;1&#8243; custom_padding_last_edited=&#8220;on|desktop&#8220; module_id=&#8220;za\u010d\u00edt&#8220; _builder_version=&#8220;4.19.0&#8243; _module_preset=&#8220;default&#8220; background_color=&#8220;#002434&#8243; custom_margin=&#8220;||||false|false&#8220; custom_padding=&#8220;150px||80px||false|false&#8220; custom_padding_tablet=&#8220;20px||80px||false|false&#8220; custom_padding_phone=&#8220;20px||60px||false|false&#8220; global_colors_info=&#8220;{}&#8220;][et_pb_row _builder_version=&#8220;4.19.0&#8243; _module_preset=&#8220;default&#8220; width=&#8220;auto&#8220; max_width=&#8220;80%&#8220; max_width_tablet=&#8220;80%&#8220; max_width_phone=&#8220;90%&#8220; max_width_last_edited=&#8220;on|phone&#8220; custom_css_main_element=&#8220;width:fit-content!important&#8220; global_colors_info=&#8220;{}&#8220;][et_pb_column type=&#8220;4_4&#8243; _builder_version=&#8220;4.19.0&#8243; _module_preset=&#8220;default&#8220; global_colors_info=&#8220;{}&#8220;][et_pb_text _builder_version=&#8220;4.19.0&#8243; _module_preset=&#8220;default&#8220; header_6_font=&#8220;Playfair Display||||||||&#8220; header_6_text_color=&#8220;rgba(255,255,255,0.1)&#8220; header_6_font_size=&#8220;150px&#8220; positioning=&#8220;absolute&#8220; vertical_offset=&#8220;-84px&#8220; horizontal_offset=&#8220;-67px&#8220; vertical_offset_tablet=&#8220;-50px&#8220; vertical_offset_phone=&#8220;-37px&#8220; vertical_offset_last_edited=&#8220;on|phone&#8220; horizontal_offset_tablet=&#8220;0px&#8220; horizontal_offset_phone=&#8220;0px&#8220; horizontal_offset_last_edited=&#8220;on|phone&#8220; width=&#8220;100%&#8220; header_6_font_size_tablet=&#8220;100px&#8220; header_6_font_size_phone=&#8220;70px&#8220; header_6_font_size_last_edited=&#8220;on|tablet&#8220; global_colors_info=&#8220;{}&#8220;]<\/p>\n<h6>R<\/h6>\n<p>[\/et_pb_text][et_pb_text _builder_version=&#8220;4.19.0&#8243; _module_preset=&#8220;default&#8220; width_tablet=&#8220;100%&#8220; width_phone=&#8220;100%&#8220; width_last_edited=&#8220;on|desktop&#8220; max_width=&#8220;1080px&#8220; max_width_tablet=&#8220;90vw&#8220; max_width_phone=&#8220;90vw&#8220; max_width_last_edited=&#8220;on|desktop&#8220; module_alignment=&#8220;center&#8220; custom_margin=&#8220;|||0px|false|false&#8220; global_colors_info=&#8220;{}&#8220;]<\/p>\n<h1>Z\u00e1sady ochrany osobn\u00edch \u00fadaj\u016f<\/h1>\n<p>[\/et_pb_text][\/et_pb_column][\/et_pb_row][et_pb_row custom_padding_last_edited=&#8220;on|phone&#8220; _builder_version=&#8220;4.19.0&#8243; _module_preset=&#8220;default&#8220; width_tablet=&#8220;80%&#8220; width_phone=&#8220;90%&#8220; width_last_edited=&#8220;on|desktop&#8220; custom_margin=&#8220;40px||||false|false&#8220; custom_padding=&#8220;||0px||false|true&#8220; custom_padding_tablet=&#8220;||0px||false|true&#8220; custom_padding_phone=&#8220;||||false|true&#8220; border_width_left=&#8220;0px&#8220; border_color_left=&#8220;rgba(255,255,255,0.1)&#8220; global_colors_info=&#8220;{}&#8220;][et_pb_column type=&#8220;4_4&#8243; _builder_version=&#8220;4.19.0&#8243; _module_preset=&#8220;default&#8220; global_colors_info=&#8220;{}&#8220;][et_pb_text _builder_version=&#8220;4.24.3&#8243; _module_preset=&#8220;default&#8220; header_3_font=&#8220;Roboto||||||||&#8220; header_3_text_color=&#8220;#FFFFFF&#8220; text_font_size_phone=&#8220;14px&#8220; header_3_font_size_tablet=&#8220;20px&#8220; header_3_font_size_phone=&#8220;18px&#8220; header_3_font_size_last_edited=&#8220;on|tablet&#8220; global_colors_info=&#8220;{}&#8220;]<\/p>\n<p><strong>Zodpov\u011bdn\u00fd<\/strong><\/p>\n<p>LGO Fichtelberghaus GmbH<br \/>09484 Oberwiesenthal<br \/>N\u011bmecko<\/p>\n<p>Tel.: +49 37348 123 &#8211; 0<\/p>\n<p>E-mail: info@fichtelberghaus.de<br \/>Jednatel Constantin Gl\u00e4\u00df<br \/>M\u00edstn\u00ed soud Chemnitz HRB 35342<\/p>\n<p>Da\u0148 \u010d. 217\/113\/00985<\/p>\n<p>&nbsp;<\/p>\n<p><strong>ITC &#8211; T\u00fdm pro ochranu \u00fadaj\u016f<\/strong><\/p>\n<p>Pokud m\u00e1te dotaz t\u00fdkaj\u00edc\u00ed se ochrany \u00fadaj\u016f (smlouvy\/dotazy od subjekt\u016f \u00fadaj\u016f atd.), za\u0161lete pros\u00edm e-mail na adresu: info@fichtelberghaus.de<br \/>N\u00e1\u0161 t\u00fdm se va\u0161\u00ed \u017e\u00e1dost\u00ed bude zab\u00fdvat co nejrychleji.<\/p>\n<p>Upozorn\u011bn\u00ed: Pokud chcete kontaktovat konkr\u00e9tn\u011b pov\u011b\u0159ence pro ochranu osobn\u00edch \u00fadaj\u016f (DPO), po\u0161lete pros\u00edm zpr\u00e1vu na adresu info@fichtelberghaus.de.<\/p>\n<p><strong><\/strong><\/p>\n<p><strong>KDY ZPRACOV\u00c1V\u00c1ME KTER\u00c9 OSOBN\u00cd \u00daDAJE?<\/strong><br \/>Va\u0161e osobn\u00ed \u00fadaje zpracov\u00e1v\u00e1me v n\u00e1sleduj\u00edc\u00edch p\u0159\u00edpadech:<\/p>\n<p>Kdy\u017e nav\u0161t\u00edv\u00edte na\u0161e webov\u00e9 str\u00e1nky, prohl\u00ed\u017ee\u010d pou\u017eit\u00fd na va\u0161em koncov\u00e9m za\u0159\u00edzen\u00ed automaticky odes\u00edl\u00e1 informace na n\u00e1\u0161 webov\u00fd server. Tyto informace se do\u010dasn\u011b ukl\u00e1daj\u00ed do takzvan\u00e9ho souboru protokolu. N\u00e1sleduj\u00edc\u00ed informace jsou shroma\u017e\u010fov\u00e1ny bez va\u0161eho z\u00e1sahu a uchov\u00e1v\u00e1ny a\u017e do automatick\u00e9ho vymaz\u00e1n\u00ed:<\/p>\n<ul>\n<li>IP adresa \u017e\u00e1daj\u00edc\u00edho po\u010d\u00edta\u010de,<\/li>\n<li>Datum a \u010das p\u0159\u00edstupu,<\/li>\n<li>N\u00e1zev a adresa URL na\u010dten\u00e9ho souboru,<\/li>\n<li>Webov\u00e1 str\u00e1nka, ze kter\u00e9 byl proveden p\u0159\u00edstup (URL odkazu),<\/li>\n<li>pou\u017eit\u00fd prohl\u00ed\u017ee\u010d a p\u0159\u00edpadn\u011b opera\u010dn\u00ed syst\u00e9m va\u0161eho po\u010d\u00edta\u010de a n\u00e1zev poskytovatele p\u0159\u00edstupu.<\/li>\n<li>Krom\u011b toho pou\u017e\u00edv\u00e1me p\u0159i n\u00e1v\u0161t\u011bv\u011b na\u0161ich webov\u00fdch str\u00e1nek soubory cookie a analytick\u00e9 slu\u017eby. V\u00edce informac\u00ed o tomto t\u00e9matu naleznete v \u010d\u00e1sti &#8222;Analytick\u00e9 n\u00e1stroje&#8220;.<\/li>\n<\/ul>\n<p>V p\u0159\u00edpad\u011b jak\u00fdchkoli dotaz\u016f v\u00e1m nab\u00edz\u00edme mo\u017enost kontaktovat n\u00e1s prost\u0159ednictv\u00edm formul\u00e1\u0159e na webov\u00fdch str\u00e1nk\u00e1ch. Je nutn\u00e9 uv\u00e9st platnou e-mailovou adresu, abychom v\u011bd\u011bli, od koho \u017e\u00e1dost poch\u00e1z\u00ed, a mohli na ni odpov\u011bd\u011bt. Dal\u0161\u00ed informace lze poskytnout dobrovoln\u011b.<\/p>\n<p>P\u0159ihl\u00e1\u0161en\u00ed k odb\u011bru na\u0161eho newsletteru &#8211; Kdy\u017e se p\u0159ihl\u00e1s\u00edte k odb\u011bru na\u0161eho newsletteru, shroma\u017e\u010fujeme va\u0161i e-mailovou adresu. V\u00e1mi poskytnut\u00e9 \u00fadaje budou zpracov\u00e1ny.<\/p>\n<p><strong>\u00da\u010cELY ZPRACOV\u00c1N\u00cd \u00daDAJ\u016e<\/strong><br \/>V\u00e1mi aktivn\u011b poskytnut\u00e9 osobn\u00ed \u00fadaje pou\u017e\u00edv\u00e1me pouze k dohodnut\u00e9mu \u00fa\u010delu a pouze v nezbytn\u00e9m rozsahu.<\/p>\n<p>V\u00fd\u0161e uveden\u00e9 \u00fadaje budeme zpracov\u00e1vat pro n\u00e1sleduj\u00edc\u00ed \u00fa\u010dely:<\/p>\n<ul>\n<li>Zaji\u0161t\u011bn\u00ed bezprobl\u00e9mov\u00e9ho p\u0159ipojen\u00ed webov\u00fdch str\u00e1nek,<\/li>\n<li>Zaji\u0161t\u011bn\u00ed pohodln\u00e9ho pou\u017e\u00edv\u00e1n\u00ed na\u0161ich webov\u00fdch str\u00e1nek,<\/li>\n<li>hodnocen\u00ed bezpe\u010dnosti a stability syst\u00e9mu a pro dal\u0161\u00ed administrativn\u00ed \u00fa\u010dely.<\/li>\n<\/ul>\n<p>Pr\u00e1vn\u00edm z\u00e1kladem pro zpracov\u00e1n\u00ed \u00fadaj\u016f je \u010dl.6 odst. 1 S. 1 lit. f GDPR. N\u00e1\u0161 opr\u00e1vn\u011bn\u00fd z\u00e1jem vypl\u00fdv\u00e1 z v\u00fd\u0161e uveden\u00fdch \u00fa\u010del\u016f shroma\u017e\u010fov\u00e1n\u00ed \u00fadaj\u016f. V \u017e\u00e1dn\u00e9m p\u0159\u00edpad\u011b nepou\u017e\u00edv\u00e1me shrom\u00e1\u017ed\u011bn\u00e9 \u00fadaje k vyvozov\u00e1n\u00ed z\u00e1v\u011br\u016f o va\u0161\u00ed osob\u011b.<\/p>\n<p>Zpracov\u00e1n\u00ed \u00fadaj\u016f za \u00fa\u010delem kontaktov\u00e1n\u00ed n\u00e1s prob\u00edh\u00e1 v souladu s \u010dl. 6 odst. 1 S. 1 lit. b) GDPR na z\u00e1klad\u011b p\u0159edsmluvn\u00edho opat\u0159en\u00ed. V p\u0159\u00edpad\u011b uzav\u0159en\u00ed smlouvy lze \u00fadaje zadat do na\u0161eho syst\u00e9mu p\u00e9\u010de o z\u00e1kazn\u00edky. \u00dadaje nebudou zpracov\u00e1v\u00e1ny k\u017e\u00e1dn\u00e9mu jin\u00e9mu \u00fa\u010delu.<\/p>\n<p>Pokud jste ud\u011blili sv\u016fj souhlas v souladu s \u010dl. 6 odst. 1 S. 1 lit. a) DSGVO, va\u0161i e-mailovou adresu pou\u017eijeme k pravideln\u00e9mu zas\u00edl\u00e1n\u00ed na\u0161eho newsletteru.<\/p>\n<p><strong>KATEGORIE P\u0158\u00cdJEMC\u016e OSOBN\u00cdCH \u00daDAJ\u016e<\/strong><br \/>Va\u0161e osobn\u00ed \u00fadaje nebudou p\u0159ed\u00e1v\u00e1ny t\u0159et\u00edm stran\u00e1m pro jin\u00e9 \u00fa\u010dely, ne\u017e jsou uvedeny n\u00ed\u017ee.<\/p>\n<p>Provozem webov\u00fdch str\u00e1nek byla pov\u011b\u0159ena spole\u010dnost GK Software SE, Waldstra\u00dfe 7, 08261 Sch\u00f6neck, N\u011bmecko. Pro zpracov\u00e1n\u00ed \u00fadaj\u016f byla uzav\u0159ena smlouva o zpracov\u00e1n\u00ed \u00fadaj\u016f, tak\u017ee va\u0161e \u00fadaje nesm\u00ed b\u00fdt zpracov\u00e1v\u00e1ny pro jin\u00e9 \u00fa\u010dely, ne\u017e jsou uvedeny v t\u011bchto z\u00e1sad\u00e1ch ochrany osobn\u00edch \u00fadaj\u016f.<\/p>\n<p>Va\u0161e osobn\u00ed \u00fadaje budeme sd\u00edlet s t\u0159et\u00edmi stranami pouze v p\u0159\u00edpad\u011b, \u017ee:<\/p>\n<ul>\n<li>Sv\u00e9 osobn\u00ed \u00fadaje jste n\u00e1m poskytli v souladu s \u010dl. 6 odst. 1 S. 1 lit. a DSGVO s t\u00edm v\u00fdslovn\u011b souhlasili,<\/li>\n<li>zp\u0159\u00edstupn\u011bn\u00ed podle \u010dl. 6 odst. 1 S. 1 lit. f DSGVO je nezbytn\u00e9 pro uplatn\u011bn\u00ed, v\u00fdkon nebo obhajobu pr\u00e1vn\u00edch n\u00e1rok\u016f; a<\/li>\n<li>nen\u00ed d\u016fvod se domn\u00edvat, \u017ee m\u00e1te p\u0159eva\u017euj\u00edc\u00ed z\u00e1jem hodn\u00fd ochrany na nezve\u0159ejn\u011bn\u00ed va\u0161ich \u00fadaj\u016f v p\u0159\u00edpad\u011b, \u017ee je zve\u0159ejn\u011bn\u00ed opr\u00e1vn\u011bn\u00e9 v souladu s \u010dl. 6 odst. 1 p\u00edsm. a). 1 S. 1 lit. c DSGVO existuje pr\u00e1vn\u00ed povinnost, stejn\u011b jako<\/li>\n<li>to je pr\u00e1vn\u011b p\u0159\u00edpustn\u00e9 a v souladu s \u010dl. 6 odst. 1 S. 1 lit. b DSGVO je nezbytn\u00e9 pro zpracov\u00e1n\u00ed smluvn\u00edch vztah\u016f s v\u00e1mi. \u00dadaje jsou do t\u0159et\u00edch zem\u00ed p\u0159ed\u00e1v\u00e1ny pouze s va\u0161\u00edm souhlasem.<\/li>\n<\/ul>\n<p><strong>DOBA, PO KTEROU JSOU OSOBN\u00cd \u00daDAJE UCHOV\u00c1V\u00c1NY<\/strong><br \/>Soubory cookie jsou ve va\u0161em prohl\u00ed\u017ee\u010di ulo\u017eeny jako tzv. soubory cookie relace, tak\u017ee je v\u00e1\u0161 prohl\u00ed\u017ee\u010d po opu\u0161t\u011bn\u00ed webov\u00e9 str\u00e1nky automaticky vyma\u017ee. Doba ulo\u017een\u00ed v tomto p\u0159\u00edpad\u011b vypl\u00fdv\u00e1 z technick\u00e9 funkce prohl\u00ed\u017ee\u010de, kter\u00fd pou\u017e\u00edv\u00e1te.<\/p>\n<p>Osobn\u00ed \u00fadaje, kter\u00e9 jsou n\u00e1m p\u0159ed\u00e1ny v souvislosti s kontaktn\u00edm dotazem na na\u0161ich webov\u00fdch str\u00e1nk\u00e1ch, jsou uchov\u00e1v\u00e1ny pouze po dobu zpracov\u00e1n\u00ed dotazu. V p\u0159\u00edpad\u011b uzav\u0159en\u00ed smlouvy mohou b\u00fdt v\u00e1mi poskytnut\u00e9 \u00fadaje ulo\u017eeny v na\u0161em syst\u00e9mu p\u00e9\u010de o z\u00e1kazn\u00edky po dobu 10 let, pokud neexistuje jin\u00e1 pr\u00e1vn\u00ed povinnost, kter\u00e1 vy\u017eaduje, abychom \u00fadaje uchov\u00e1vali po del\u0161\u00ed dobu.<\/p>\n<p>Va\u0161e osobn\u00ed \u00fadaje budou ulo\u017eeny a\u017e do odvol\u00e1n\u00ed.<br \/>R\u00e1di bychom v\u00e1s upozornili, \u017ee va\u0161e \u00fadaje vyma\u017eeme, pokud jejich ulo\u017een\u00ed nebude opr\u00e1vn\u011bn\u00e9 (zejm\u00e9na pokud budou \u00fadaje nespr\u00e1vn\u00e9 a nebude mo\u017en\u00e9 je opravit). Vymaz\u00e1n\u00ed se nahrad\u00ed zablokov\u00e1n\u00edm, pokud tomu br\u00e1n\u00ed pr\u00e1vn\u00ed nebo faktick\u00e9 p\u0159ek\u00e1\u017eky (nap\u0159\u00edklad zvl\u00e1\u0161tn\u00ed povinnosti uchov\u00e1v\u00e1n\u00ed \u00fadaj\u016f vypl\u00fdvaj\u00edc\u00ed z obchodn\u00edch a da\u0148ov\u00fdch p\u0159edpis\u016f).<\/p>\n<p>\n<script id=\"CookieDeclaration\" src=\"https:\/\/consent.cookiebot.com\/5a0893ac-9dae-45b9-b702-98f448d90a9f\/cd.js\" type=\"text\/javascript\" async=\"\"><\/script>\n<\/p>\n<p><strong>Pr\u00e1vo vzn\u00e9st n\u00e1mitku<\/strong><br \/>Pokud jsou va\u0161e osobn\u00ed \u00fadaje zpracov\u00e1v\u00e1ny na z\u00e1klad\u011b opr\u00e1vn\u011bn\u00fdch z\u00e1jm\u016f podle \u010dl.6 odst. 1 S. 1 lit. f) DSGVO, m\u00e1te pr\u00e1vo vzn\u00e9st n\u00e1mitku proti zpracov\u00e1n\u00ed va\u0161ich osobn\u00edch \u00fadaj\u016f v souladu s \u010dl\u00e1nkem 21 DSGVO, pokud k tomu existuj\u00ed d\u016fvody vypl\u00fdvaj\u00edc\u00ed z va\u0161\u00ed konkr\u00e9tn\u00ed situace nebo pokud je n\u00e1mitka nam\u00ed\u0159ena proti p\u0159\u00edm\u00e9mu marketingu. V druh\u00e9m p\u0159\u00edpad\u011b m\u00e1te obecn\u00e9 pr\u00e1vo vzn\u00e9st n\u00e1mitku, kter\u00e9 uplatn\u00edme, ani\u017e byste museli uv\u00e1d\u011bt konkr\u00e9tn\u00ed situaci.<br \/>Pokud chcete uplatnit sv\u00e9 pr\u00e1vo na odvol\u00e1n\u00ed nebo n\u00e1mitku, sta\u010d\u00ed zaslat e-mail na adresu info@fichtelberghaus.de.<\/p>\n<p><strong>PR\u00c1VO NA INFORMACE, OPRAVU, V\u00ddMAZ, OMEZEN\u00cd ZPRACOV\u00c1N\u00cd<\/strong><br \/>Subjekt \u00fadaj\u016f m\u00e1 pr\u00e1vo na informace o dot\u010den\u00fdch osobn\u00edch \u00fadaj\u00edch a na opravu, v\u00fdmaz nebo omezen\u00ed zpracov\u00e1n\u00ed. M\u00e1 tak\u00e9 pr\u00e1vo vzn\u00e9st n\u00e1mitku proti zpracov\u00e1n\u00ed.<\/p>\n<p><strong>PR\u00c1VO NA P\u0158ENOSITELNOST \u00daDAJ\u016e<\/strong><br \/>Subjekt \u00fadaj\u016f m\u00e1 pr\u00e1vo na p\u0159enositelnost \u00fadaj\u016f.<\/p>\n<p><strong>PR\u00c1VO PODAT ST\u00cd\u017dNOST DOPORU\u010cUJ\u00cdC\u00cdMU ORG\u00c1NU<\/strong><br \/>M\u00e1te pr\u00e1vo podat st\u00ed\u017enost u dozorov\u00e9ho \u00fa\u0159adu.<\/p>\n<p><strong>POSKYTOV\u00c1N\u00cd OSOBN\u00cdCH<\/strong> \u00daDAJ\u016e<br \/>Nem\u00e1te \u017e\u00e1dnou z\u00e1konnou povinnost poskytovat osobn\u00ed \u00fadaje.<\/p>\n<p><strong>AUTOMATIZOVAN\u00c9 ROZHODOV\u00c1N\u00cd V\u010cETN\u011a PROFILOV\u00c1N\u00cd<\/strong><br \/>Za ur\u010dit\u00fdch okolnost\u00ed m\u016f\u017ee doch\u00e1zet k automatizovan\u00e9mu profilov\u00e1n\u00ed s c\u00edlem vyhodnotit osobn\u00ed aspekty. Tato profilovac\u00ed opat\u0159en\u00ed pou\u017e\u00edv\u00e1me v n\u00e1sleduj\u00edc\u00edch p\u0159\u00edpadech:<br \/>. Vzhledem k pr\u00e1vn\u00edm a regula\u010dn\u00edm po\u017eadavk\u016fm jsme povinni bojovat proti pran\u00ed \u0161pinav\u00fdch pen\u011bz, financov\u00e1n\u00ed terorismu a trestn\u00fdm \u010din\u016fm, kter\u00e9 ohro\u017euj\u00ed majetek.  Prov\u00e1d\u00ed se tak\u00e9 vyhodnocov\u00e1n\u00ed \u00fadaj\u016f (v\u010detn\u011b porovn\u00e1n\u00ed se z\u00e1konem p\u0159edepsan\u00fdmi seznamy).<\/p>\n<p><strong>BEZPE\u010cNOST \u00daDAJ\u016e<\/strong><br \/>P\u0159i n\u00e1v\u0161t\u011bv\u011b na\u0161ich webov\u00fdch str\u00e1nek pou\u017e\u00edv\u00e1me roz\u0161\u00ed\u0159enou metodu SSL (Secure Socket Layer) ve spojen\u00ed s nejvy\u0161\u0161\u00ed \u00farovn\u00ed \u0161ifrov\u00e1n\u00ed podporovanou va\u0161\u00edm prohl\u00ed\u017ee\u010dem. Zpravidla se jedn\u00e1 o 256bitov\u00e9 \u0161ifrov\u00e1n\u00ed. Pokud v\u00e1\u0161 prohl\u00ed\u017ee\u010d nepodporuje 256bitov\u00e9 \u0161ifrov\u00e1n\u00ed, pou\u017e\u00edv\u00e1me m\u00edsto n\u011bj 128bitovou technologii v3. To, zda je jednotliv\u00e1 str\u00e1nka na\u0161eho webu p\u0159en\u00e1\u0161ena v \u0161ifrovan\u00e9 podob\u011b, pozn\u00e1te podle toho, \u017ee se v doln\u00edm stavov\u00e9m \u0159\u00e1dku va\u0161eho prohl\u00ed\u017ee\u010de zobraz\u00ed symbol kl\u00ed\u010de nebo z\u00e1mku.<br \/>Pou\u017e\u00edv\u00e1me tak\u00e9 vhodn\u00e1 technick\u00e1 a organiza\u010dn\u00ed bezpe\u010dnostn\u00ed opat\u0159en\u00ed na ochranu va\u0161ich \u00fadaj\u016f p\u0159ed n\u00e1hodnou nebo \u00famyslnou manipulac\u00ed, \u010d\u00e1ste\u010dnou nebo \u00faplnou ztr\u00e1tou, zni\u010den\u00edm nebo neopr\u00e1vn\u011bn\u00fdm p\u0159\u00edstupem t\u0159et\u00edch stran. Na\u0161e bezpe\u010dnostn\u00ed opat\u0159en\u00ed se neust\u00e1le zdokonaluj\u00ed v souladu s technologick\u00fdm v\u00fdvojem.<\/p>\n<p><strong>AKTU\u00c1LNOST A ZM\u011aNY T\u011aCHTO<\/strong> Z\u00c1SAD <strong>OCHRANY OSOBN\u00cdCH \u00daDAJ\u016e<\/strong><br \/>Tyto z\u00e1sady ochrany osobn\u00edch \u00fadaj\u016f jsou aktu\u00e1ln\u011b platn\u00e9 a datovan\u00e9 k \u00fanoru 2022.<br \/>V d\u016fsledku dal\u0161\u00edho v\u00fdvoje na\u0161ich webov\u00fdch str\u00e1nek a nab\u00eddek na nich nebo v d\u016fsledku zm\u011bn pr\u00e1vn\u00edch nebo \u00fa\u0159edn\u00edch po\u017eadavk\u016f m\u016f\u017ee b\u00fdt nutn\u00e9 tyto z\u00e1sady ochrany osobn\u00edch \u00fadaj\u016f zm\u011bnit. Aktu\u00e1ln\u00ed prohl\u00e1\u0161en\u00ed o ochran\u011b osobn\u00edch \u00fadaj\u016f si m\u016f\u017eete kdykoli prohl\u00e9dnout a vytisknout na webov\u00fdch str\u00e1nk\u00e1ch.<\/p>\n<p>[\/et_pb_text][\/et_pb_column][\/et_pb_row][\/et_pb_section][et_pb_section fb_built=&#8220;1&#8243; _builder_version=&#8220;4.19.0&#8243; _module_preset=&#8220;default&#8220; custom_padding=&#8220;0px||0px||true|false&#8220; global_colors_info=&#8220;{}&#8220;][et_pb_row _builder_version=&#8220;4.19.0&#8243; _module_preset=&#8220;default&#8220; width=&#8220;100%&#8220; max_width=&#8220;100%&#8220; custom_padding=&#8220;0px||0px||true|false&#8220; global_colors_info=&#8220;{}&#8220;][et_pb_column type=&#8220;4_4&#8243; _builder_version=&#8220;4.19.0&#8243; _module_preset=&#8220;default&#8220; global_colors_info=&#8220;{}&#8220;][et_pb_image src=&#8220;https:\/\/hotel-fichtelberghaus.de\/wp-content\/uploads\/2022\/11\/Fichtelberghaus-Panorama-BG-scaled.jpg&#8220; title_text=&#8220;Fichtelberghaus Panorama BG&#8220; _builder_version=&#8220;4.19.0&#8243; _module_preset=&#8220;default&#8220; background_image=&#8220;https:\/\/hotel-fichtelberghaus.de\/wp-content\/uploads\/2022\/11\/Fichtelberghaus-Panorama-BG-1-scaled.jpg&#8220; global_colors_info=&#8220;{}&#8220;][\/et_pb_image][\/et_pb_column][\/et_pb_row][\/et_pb_section]<\/p>\n<span class=\"et_bloom_bottom_trigger\"><\/span>","protected":false},"excerpt":{"rendered":"<p>RZ\u00e1sady ochrany osobn\u00edch \u00fadaj\u016fZodpov\u011bdn\u00fd LGO Fichtelberghaus GmbH09484 OberwiesenthalN\u011bmecko Tel.: +49 37348 123 &#8211; 0 E-mail: info@fichtelberghaus.deJednatel Constantin Gl\u00e4\u00dfM\u00edstn\u00ed soud Chemnitz HRB 35342 Da\u0148 \u010d. 217\/113\/00985 &nbsp; ITC &#8211; T\u00fdm pro ochranu \u00fadaj\u016f Pokud m\u00e1te dotaz t\u00fdkaj\u00edc\u00ed se ochrany \u00fadaj\u016f (smlouvy\/dotazy od subjekt\u016f \u00fadaj\u016f atd.), za\u0161lete pros\u00edm e-mail na adresu: info@fichtelberghaus.deN\u00e1\u0161 t\u00fdm se va\u0161\u00ed \u017e\u00e1dost\u00ed bude [&hellip;]<\/p>\n","protected":false},"author":1,"featured_media":0,"parent":0,"menu_order":0,"comment_status":"closed","ping_status":"closed","template":"","meta":{"_acf_changed":false,"_et_pb_use_builder":"on","_et_pb_old_content":"","_et_gb_content_width":"","footnotes":""},"class_list":["post-256138","page","type-page","status-publish","hentry"],"acf":[],"_links":{"self":[{"href":"https:\/\/hotel-fichtelberghaus.de\/cs\/wp-json\/wp\/v2\/pages\/256138","targetHints":{"allow":["GET"]}}],"collection":[{"href":"https:\/\/hotel-fichtelberghaus.de\/cs\/wp-json\/wp\/v2\/pages"}],"about":[{"href":"https:\/\/hotel-fichtelberghaus.de\/cs\/wp-json\/wp\/v2\/types\/page"}],"author":[{"embeddable":true,"href":"https:\/\/hotel-fichtelberghaus.de\/cs\/wp-json\/wp\/v2\/users\/1"}],"replies":[{"embeddable":true,"href":"https:\/\/hotel-fichtelberghaus.de\/cs\/wp-json\/wp\/v2\/comments?post=256138"}],"version-history":[{"count":26,"href":"https:\/\/hotel-fichtelberghaus.de\/cs\/wp-json\/wp\/v2\/pages\/256138\/revisions"}],"predecessor-version":[{"id":266349,"href":"https:\/\/hotel-fichtelberghaus.de\/cs\/wp-json\/wp\/v2\/pages\/256138\/revisions\/266349"}],"wp:attachment":[{"href":"https:\/\/hotel-fichtelberghaus.de\/cs\/wp-json\/wp\/v2\/media?parent=256138"}],"curies":[{"name":"wp","href":"https:\/\/api.w.org\/{rel}","templated":true}]}}