{"id":256135,"date":"2022-11-23T17:46:41","date_gmt":"2022-11-23T16:46:41","guid":{"rendered":"https:\/\/hotel-fichtelberghaus.de\/uspesny-pribeh\/"},"modified":"2023-09-14T09:31:41","modified_gmt":"2023-09-14T07:31:41","slug":"uspesny-pribeh","status":"publish","type":"page","link":"https:\/\/hotel-fichtelberghaus.de\/cs\/uspesny-pribeh\/","title":{"rendered":"\u00dasp\u011b\u0161n\u00fd p\u0159\u00edb\u011bh"},"content":{"rendered":"\n[et_pb_section fb_built=&#8220;1&#8243; disabled_on=&#8220;off|off|off&#8220; _builder_version=&#8220;4.19.0&#8243; _module_preset=&#8220;default&#8220; background_color=&#8220;#002434&#8243; height=&#8220;80vh&#8220; hover_enabled=&#8220;0&#8243; locked=&#8220;off&#8220; global_colors_info=&#8220;{}&#8220; min_height_last_edited=&#8220;on|desktop&#8220; sticky_enabled=&#8220;0&#8243; height_last_edited=&#8220;on|phone&#8220; height_tablet=&#8220;60vh&#8220; height_phone=&#8220;60vh&#8220;][et_pb_row _builder_version=&#8220;4.19.0&#8243; _module_preset=&#8220;default&#8220; positioning=&#8220;absolute&#8220; position_origin_a=&#8220;center_center&#8220; global_colors_info=&#8220;{}&#8220;][et_pb_column type=&#8220;4_4&#8243; _builder_version=&#8220;4.19.0&#8243; _module_preset=&#8220;default&#8220; global_colors_info=&#8220;{}&#8220;][et_pb_text _builder_version=&#8220;4.19.0&#8243; _module_preset=&#8220;default&#8220; header_text_color=&#8220;rgba(255,255,255,0.1)&#8220; header_font_size=&#8220;300px&#8220; hover_enabled=&#8220;0&#8243; header_font_size_tablet=&#8220;200px&#8220; header_font_size_phone=&#8220;100px&#8220; global_colors_info=&#8220;{}&#8220; sticky_enabled=&#8220;0&#8243;]<h1>D\u011bkuji<\/h1>[\/et_pb_text][et_pb_text _builder_version=&#8220;4.19.0&#8243; _module_preset=&#8220;default&#8220; header_font_size=&#8220;70px&#8220; positioning=&#8220;absolute&#8220; position_origin_a=&#8220;center_center&#8220; width=&#8220;100vw&#8220; width_tablet=&#8220;100%&#8220; width_phone=&#8220;99%&#8220; width_last_edited=&#8220;on|tablet&#8220; max_width=&#8220;100vw&#8220; max_width_tablet=&#8220;100%&#8220; max_width_phone=&#8220;99%&#8220; max_width_last_edited=&#8220;on|phone&#8220; hover_enabled=&#8220;0&#8243; header_font_size_tablet=&#8220;50px&#8220; header_font_size_phone=&#8220;30px&#8220; global_colors_info=&#8220;{}&#8220; text_orientation=&#8220;center&#8220; header_line_height=&#8220;1.4em&#8220; sticky_enabled=&#8220;0&#8243;]<h1>P\u0159ijat\u00e1 \u017e\u00e1dost.<\/h1>\n<p>Ozveme se v\u00e1m co nejd\u0159\u00edve.<\/p>[\/et_pb_text][et_pb_button button_url=&#8220;@ET-DC@eyJkeW5hbWljIjp0cnVlLCJjb250ZW50IjoiaG9tZV91cmwiLCJzZXR0aW5ncyI6W119@&#8220; button_text=&#8220;na domovskou str\u00e1nku&#8220; _builder_version=&#8220;4.19.0&#8243; _dynamic_attributes=&#8220;button_url&#8220; _module_preset=&#8220;default&#8220; button_font=&#8220;Playfair Display|500|||||||&#8220; button_text_size_tablet=&#8220;16px&#8220; button_text_size_phone=&#8220;&#8220; button_text_size_last_edited=&#8220;on|phone&#8220; global_colors_info=&#8220;{}&#8220; button_bg_enable_color__hover=&#8220;on&#8220; button_border_color__hover_enabled=&#8220;on|desktop&#8220; button_border_color__hover=&#8220;&#8220;][\/et_pb_button][\/et_pb_column][\/et_pb_row][\/et_pb_section]\n<span class=\"et_bloom_bottom_trigger\"><\/span>","protected":false},"excerpt":{"rendered":"<p>D\u011bkujiP\u0159ijat\u00e1 \u017e\u00e1dost. Ozveme se v\u00e1m co nejd\u0159\u00edve.<\/p>\n","protected":false},"author":1,"featured_media":0,"parent":0,"menu_order":0,"comment_status":"closed","ping_status":"closed","template":"","meta":{"_acf_changed":false,"_et_pb_use_builder":"on","_et_pb_old_content":"","_et_gb_content_width":"","footnotes":""},"class_list":["post-256135","page","type-page","status-publish","hentry"],"acf":[],"_links":{"self":[{"href":"https:\/\/hotel-fichtelberghaus.de\/cs\/wp-json\/wp\/v2\/pages\/256135","targetHints":{"allow":["GET"]}}],"collection":[{"href":"https:\/\/hotel-fichtelberghaus.de\/cs\/wp-json\/wp\/v2\/pages"}],"about":[{"href":"https:\/\/hotel-fichtelberghaus.de\/cs\/wp-json\/wp\/v2\/types\/page"}],"author":[{"embeddable":true,"href":"https:\/\/hotel-fichtelberghaus.de\/cs\/wp-json\/wp\/v2\/users\/1"}],"replies":[{"embeddable":true,"href":"https:\/\/hotel-fichtelberghaus.de\/cs\/wp-json\/wp\/v2\/comments?post=256135"}],"version-history":[{"count":1,"href":"https:\/\/hotel-fichtelberghaus.de\/cs\/wp-json\/wp\/v2\/pages\/256135\/revisions"}],"predecessor-version":[{"id":256141,"href":"https:\/\/hotel-fichtelberghaus.de\/cs\/wp-json\/wp\/v2\/pages\/256135\/revisions\/256141"}],"wp:attachment":[{"href":"https:\/\/hotel-fichtelberghaus.de\/cs\/wp-json\/wp\/v2\/media?parent=256135"}],"curies":[{"name":"wp","href":"https:\/\/api.w.org\/{rel}","templated":true}]}}